{"id":3801,"date":"2018-11-27T14:12:12","date_gmt":"2018-11-27T14:12:12","guid":{"rendered":"https:\/\/villianastalis.gr\/dinge-zu-tun-in-der-nahe-malia-krassi-mohos\/"},"modified":"2019-08-29T14:41:08","modified_gmt":"2019-08-29T14:41:08","slug":"thingstodo-de","status":"publish","type":"page","link":"https:\/\/villianastalis.gr\/de\/thingstodo-de\/","title":{"rendered":"Dinge zu tun | In der N\u00e4he | Malia, Krassi, Mohos"},"content":{"rendered":"\t\t<div data-elementor-type=\"wp-post\" data-elementor-id=\"3801\" class=\"elementor elementor-3801 elementor-433 elementor-bc-flex-widget\" data-elementor-post-type=\"page\">\n\t\t\t\t\t\t\t\t\t<section class=\"elementor-section elementor-top-section elementor-element elementor-element-34e44b4 elementor-section-full_width elementor-section-stretched elementor-section-height-default elementor-section-height-default\" data-id=\"34e44b4\" data-element_type=\"section\" data-settings=\"{&quot;stretch_section&quot;:&quot;section-stretched&quot;,&quot;background_background&quot;:&quot;classic&quot;}\">\n\t\t\t\t\t\t\t<div class=\"elementor-background-overlay\"><\/div>\n\t\t\t\t\t\t\t<div class=\"elementor-container elementor-column-gap-default\">\n\t\t\t\t\t<div class=\"elementor-column elementor-col-100 elementor-top-column elementor-element elementor-element-9350afb\" data-id=\"9350afb\" data-element_type=\"column\" data-settings=\"{&quot;background_background&quot;:&quot;classic&quot;}\">\n\t\t\t<div class=\"elementor-widget-wrap elementor-element-populated\">\n\t\t\t\t\t\t\t\t<div class=\"elementor-element elementor-element-b149d81 elementor-widget elementor-widget-spacer\" data-id=\"b149d81\" data-element_type=\"widget\" data-widget_type=\"spacer.default\">\n\t\t\t\t<div class=\"elementor-widget-container\">\n\t\t\t\t\t<div class=\"elementor-spacer\">\n\t\t\t<div class=\"elementor-spacer-inner\"><\/div>\n\t\t<\/div>\n\t\t\t\t<\/div>\n\t\t\t\t<\/div>\n\t\t\t\t\t<\/div>\n\t\t<\/div>\n\t\t\t\t\t\t\t<\/div>\n\t\t<\/section>\n\t\t\t\t<section class=\"elementor-section elementor-top-section elementor-element elementor-element-2fa52034 elementor-section-content-middle elementor-reverse-mobile elementor-section-stretched elementor-section-full_width elementor-reverse-tablet elementor-section-height-default elementor-section-height-default\" data-id=\"2fa52034\" data-element_type=\"section\" data-settings=\"{&quot;stretch_section&quot;:&quot;section-stretched&quot;}\">\n\t\t\t\t\t\t<div class=\"elementor-container elementor-column-gap-no\">\n\t\t\t\t\t<div class=\"elementor-column elementor-col-50 elementor-top-column elementor-element elementor-element-8eea7e2 elementor-invisible\" data-id=\"8eea7e2\" data-element_type=\"column\" data-settings=\"{&quot;background_background&quot;:&quot;classic&quot;,&quot;animation&quot;:&quot;fadeIn&quot;}\">\n\t\t\t<div class=\"elementor-widget-wrap elementor-element-populated\">\n\t\t\t\t\t\t\t\t<div class=\"elementor-element elementor-element-d08813f elementor-widget elementor-widget-image\" data-id=\"d08813f\" data-element_type=\"widget\" data-widget_type=\"image.default\">\n\t\t\t\t<div class=\"elementor-widget-container\">\n\t\t\t\t\t\t\t\t\t\t\t\t\t\t\t<img fetchpriority=\"high\" decoding=\"async\" width=\"457\" height=\"640\" src=\"https:\/\/villianastalis.gr\/wp-content\/uploads\/2018\/10\/minoanH.jpg\" class=\"attachment-full size-full wp-image-3453\" alt=\"Malia Minoan Palace | Crete, Greece\" srcset=\"https:\/\/villianastalis.gr\/wp-content\/uploads\/2018\/10\/minoanH.jpg 457w, https:\/\/villianastalis.gr\/wp-content\/uploads\/2018\/10\/minoanH-214x300.jpg 214w\" sizes=\"(max-width: 457px) 100vw, 457px\" \/>\t\t\t\t\t\t\t\t\t\t\t\t\t\t\t<\/div>\n\t\t\t\t<\/div>\n\t\t\t\t<div class=\"elementor-element elementor-element-88ec6ca elementor-widget elementor-widget-heading\" data-id=\"88ec6ca\" data-element_type=\"widget\" data-widget_type=\"heading.default\">\n\t\t\t\t<div class=\"elementor-widget-container\">\n\t\t\t<h1 class=\"elementor-heading-title elementor-size-default\">Minoischer Palast<\/h1>\t\t<\/div>\n\t\t\t\t<\/div>\n\t\t\t\t<div class=\"elementor-element elementor-element-3750b14 elementor-widget elementor-widget-text-editor\" data-id=\"3750b14\" data-element_type=\"widget\" data-widget_type=\"text-editor.default\">\n\t\t\t\t<div class=\"elementor-widget-container\">\n\t\t\t\t\t\t\t<p>Besuchen Sie die \u00dcberreste eines einzigartigen Palastes, die die glorreiche minoische Zivilisation bezeugen, die vor 4000 Jahren hier bl\u00fchte und Malia zu einem wichtigen Handels- und Schifffahrtszentrum mit erheblicher politischer und wirtschaftlicher Macht machte.<\/p>\n\t\t\t\t\t\t<\/div>\n\t\t\t\t<\/div>\n\t\t\t\t\t<\/div>\n\t\t<\/div>\n\t\t\t\t<div class=\"elementor-column elementor-col-50 elementor-top-column elementor-element elementor-element-c1045d8 elementor-invisible\" data-id=\"c1045d8\" data-element_type=\"column\" data-settings=\"{&quot;background_background&quot;:&quot;classic&quot;,&quot;animation&quot;:&quot;fadeIn&quot;}\">\n\t\t\t<div class=\"elementor-widget-wrap elementor-element-populated\">\n\t\t\t\t\t\t\t\t<div class=\"elementor-element elementor-element-3355ea4 elementor-widget elementor-widget-image\" data-id=\"3355ea4\" data-element_type=\"widget\" data-widget_type=\"image.default\">\n\t\t\t\t<div class=\"elementor-widget-container\">\n\t\t\t\t\t\t\t\t\t\t\t\t\t\t\t<img decoding=\"async\" width=\"457\" height=\"640\" src=\"https:\/\/villianastalis.gr\/wp-content\/uploads\/2018\/10\/krasiH.jpg\" class=\"attachment-full size-full wp-image-3451\" alt=\"Krassi | Crete, Greece\" srcset=\"https:\/\/villianastalis.gr\/wp-content\/uploads\/2018\/10\/krasiH.jpg 457w, https:\/\/villianastalis.gr\/wp-content\/uploads\/2018\/10\/krasiH-214x300.jpg 214w\" sizes=\"(max-width: 457px) 100vw, 457px\" \/>\t\t\t\t\t\t\t\t\t\t\t\t\t\t\t<\/div>\n\t\t\t\t<\/div>\n\t\t\t\t<div class=\"elementor-element elementor-element-7ef27a2 elementor-widget elementor-widget-heading\" data-id=\"7ef27a2\" data-element_type=\"widget\" data-widget_type=\"heading.default\">\n\t\t\t\t<div class=\"elementor-widget-container\">\n\t\t\t<h1 class=\"elementor-heading-title elementor-size-default\">Krassi\u200b Village\u200b<\/h1>\t\t<\/div>\n\t\t\t\t<\/div>\n\t\t\t\t<div class=\"elementor-element elementor-element-98d3436 elementor-widget elementor-widget-text-editor\" data-id=\"98d3436\" data-element_type=\"widget\" data-widget_type=\"text-editor.default\">\n\t\t\t\t<div class=\"elementor-widget-container\">\n\t\t\t\t\t\t\t<p>Das idyllische Bergdorf Krassi ist das \u00f6stlichste Dorf der Pr\u00e4fektur Iraklio mit 350 Einwohnern. Es liegt an den Nordh\u00e4ngen des Berges. Selena, auf einer H\u00f6he von 600 m \u00fcber dem Meeresspiegel, atmet ein Gef\u00fchl der Gelassenheit mit einem riesigen Platanenbaum, der stolz als \u00e4ltester auf Kreta pr\u00e4sentiert wird, und mit einem Brunnen, an dem Wasser direkt aus dem Meer flie\u00dft<\/p>\n\t\t\t\t\t\t<\/div>\n\t\t\t\t<\/div>\n\t\t\t\t\t<\/div>\n\t\t<\/div>\n\t\t\t\t\t\t\t<\/div>\n\t\t<\/section>\n\t\t\t\t<section class=\"elementor-section elementor-top-section elementor-element elementor-element-6b8ac88 elementor-section-content-middle elementor-reverse-mobile elementor-section-stretched elementor-section-full_width elementor-reverse-tablet elementor-section-height-default elementor-section-height-default\" data-id=\"6b8ac88\" data-element_type=\"section\" data-settings=\"{&quot;stretch_section&quot;:&quot;section-stretched&quot;}\">\n\t\t\t\t\t\t<div class=\"elementor-container elementor-column-gap-no\">\n\t\t\t\t\t<div class=\"elementor-column elementor-col-50 elementor-top-column elementor-element elementor-element-544fec0 elementor-invisible\" data-id=\"544fec0\" data-element_type=\"column\" data-settings=\"{&quot;background_background&quot;:&quot;classic&quot;,&quot;animation&quot;:&quot;fadeIn&quot;}\">\n\t\t\t<div class=\"elementor-widget-wrap elementor-element-populated\">\n\t\t\t\t\t\t\t\t<div class=\"elementor-element elementor-element-b8e9ab2 elementor-widget elementor-widget-image\" data-id=\"b8e9ab2\" data-element_type=\"widget\" data-widget_type=\"image.default\">\n\t\t\t\t<div class=\"elementor-widget-container\">\n\t\t\t\t\t\t\t\t\t\t\t\t\t\t\t<img decoding=\"async\" width=\"457\" height=\"640\" src=\"https:\/\/villianastalis.gr\/wp-content\/uploads\/2018\/10\/mohosH.jpg\" class=\"attachment-full size-full wp-image-3454\" alt=\"Mohos | Crete, Greece\" srcset=\"https:\/\/villianastalis.gr\/wp-content\/uploads\/2018\/10\/mohosH.jpg 457w, https:\/\/villianastalis.gr\/wp-content\/uploads\/2018\/10\/mohosH-214x300.jpg 214w\" sizes=\"(max-width: 457px) 100vw, 457px\" \/>\t\t\t\t\t\t\t\t\t\t\t\t\t\t\t<\/div>\n\t\t\t\t<\/div>\n\t\t\t\t<div class=\"elementor-element elementor-element-bd93f06 elementor-widget elementor-widget-heading\" data-id=\"bd93f06\" data-element_type=\"widget\" data-widget_type=\"heading.default\">\n\t\t\t\t<div class=\"elementor-widget-container\">\n\t\t\t<h1 class=\"elementor-heading-title elementor-size-default\">Mohos traditionelles Dorf<\/h1>\t\t<\/div>\n\t\t\t\t<\/div>\n\t\t\t\t<div class=\"elementor-element elementor-element-a1b786c elementor-widget elementor-widget-text-editor\" data-id=\"a1b786c\" data-element_type=\"widget\" data-widget_type=\"text-editor.default\">\n\t\t\t\t<div class=\"elementor-widget-container\">\n\t\t\t\t\t\t\t<p>Dieses h\u00fcbsche Bergdorf auf dem Weg zum Hochplateau von Lassithi hat seinen traditionellen Charakter bewahrt und f\u00fchrt Sie zur\u00fcck in die Vergangenheit, mit malerischen Gassen und blumengeschm\u00fcckten Innenh\u00f6fen, wo Einheimische vor dem Eingang des Abendstuhls sitzen. \u00dcber allt\u00e4gliche Dinge plaudern, mit h\u00fcbschen wei\u00df get\u00fcnchten Kirchen und Kapellen, wie der Kirche von Panay\u00eda und ihren beeindruckenden byzantinischen Ikonen und Wandgem\u00e4lden. Entspannen Sie sich und genie\u00dfen Sie die kretische Gastfreundschaft auf dem schattigen Dorfplatz bei einem typisch griechischen Kaffee oder Rak\u00ed oder einem herzhaften, hausgemachten kretischen Gericht. An Wochenenden k\u00f6nnen Sie sogar eine typische kretische Hochzeit oder eine traditionelle (organisierte) kretische Nacht erleben.<\/p>\n\t\t\t\t\t\t<\/div>\n\t\t\t\t<\/div>\n\t\t\t\t\t<\/div>\n\t\t<\/div>\n\t\t\t\t<div class=\"elementor-column elementor-col-50 elementor-top-column elementor-element elementor-element-8a36791 elementor-invisible\" data-id=\"8a36791\" data-element_type=\"column\" data-settings=\"{&quot;background_background&quot;:&quot;classic&quot;,&quot;animation&quot;:&quot;fadeIn&quot;}\">\n\t\t\t<div class=\"elementor-widget-wrap elementor-element-populated\">\n\t\t\t\t\t\t\t\t<div class=\"elementor-element elementor-element-e6dad9f elementor-widget elementor-widget-image\" data-id=\"e6dad9f\" data-element_type=\"widget\" data-widget_type=\"image.default\">\n\t\t\t\t<div class=\"elementor-widget-container\">\n\t\t\t\t\t\t\t\t\t\t\t\t\t\t\t<img loading=\"lazy\" decoding=\"async\" width=\"457\" height=\"640\" src=\"https:\/\/villianastalis.gr\/wp-content\/uploads\/2018\/11\/coast.jpg\" class=\"attachment-full size-full wp-image-3734\" alt=\"Stalis Coast Beach\" srcset=\"https:\/\/villianastalis.gr\/wp-content\/uploads\/2018\/11\/coast.jpg 457w, https:\/\/villianastalis.gr\/wp-content\/uploads\/2018\/11\/coast-214x300.jpg 214w\" sizes=\"(max-width: 457px) 100vw, 457px\" \/>\t\t\t\t\t\t\t\t\t\t\t\t\t\t\t<\/div>\n\t\t\t\t<\/div>\n\t\t\t\t<div class=\"elementor-element elementor-element-de35a90 elementor-widget elementor-widget-heading\" data-id=\"de35a90\" data-element_type=\"widget\" data-widget_type=\"heading.default\">\n\t\t\t\t<div class=\"elementor-widget-container\">\n\t\t\t<h1 class=\"elementor-heading-title elementor-size-default\">Stalis Beach<\/h1>\t\t<\/div>\n\t\t\t\t<\/div>\n\t\t\t\t<div class=\"elementor-element elementor-element-3f3813f elementor-widget elementor-widget-text-editor\" data-id=\"3f3813f\" data-element_type=\"widget\" data-widget_type=\"text-editor.default\">\n\t\t\t\t<div class=\"elementor-widget-container\">\n\t\t\t\t\t\t\t<p>Stalis Beach ist ein wundersch\u00f6ner Sandstrand von 2 km.<br \/>\nDer Strand ist dem Wetter ausgesetzt. An windigen Tagen m\u00fcssen Sie vorsichtig sein und den Ratschl\u00e4gen der Rettungsschwimmer folgen.<br \/>\nDas Wasser wird allm\u00e4hlich tiefer, sodass kleine Kinder das Meer genie\u00dfen k\u00f6nnen.<br \/>\nDer Strand von Stalis ist ein organisierter Strand mit Rettungsschwimmern, Sonnenschirmen und Sonnenliegen. Einige Strandrestaurants bieten spezielle Angebote an, bei denen Sie Sonnenschirme und Liegest\u00fchle mieten k\u00f6nnen, mit Mittagessen oder Getr\u00e4nken.<br \/>\nLiebhaber des Wassersports werden keine Schwierigkeiten haben, das zu finden, was sie suchen.<\/p>\n\t\t\t\t\t\t<\/div>\n\t\t\t\t<\/div>\n\t\t\t\t\t<\/div>\n\t\t<\/div>\n\t\t\t\t\t\t\t<\/div>\n\t\t<\/section>\n\t\t\t\t<section class=\"elementor-section elementor-top-section elementor-element elementor-element-eec2e5c elementor-section-content-middle elementor-reverse-mobile elementor-section-stretched elementor-section-full_width elementor-reverse-tablet elementor-section-height-default elementor-section-height-default\" data-id=\"eec2e5c\" data-element_type=\"section\" data-settings=\"{&quot;stretch_section&quot;:&quot;section-stretched&quot;}\">\n\t\t\t\t\t\t<div class=\"elementor-container elementor-column-gap-no\">\n\t\t\t\t\t<div class=\"elementor-column elementor-col-50 elementor-top-column elementor-element elementor-element-83300a6 elementor-invisible\" data-id=\"83300a6\" data-element_type=\"column\" data-settings=\"{&quot;background_background&quot;:&quot;classic&quot;,&quot;animation&quot;:&quot;fadeIn&quot;}\">\n\t\t\t<div class=\"elementor-widget-wrap elementor-element-populated\">\n\t\t\t\t\t\t\t\t<div class=\"elementor-element elementor-element-4d44b0e elementor-widget elementor-widget-image\" data-id=\"4d44b0e\" data-element_type=\"widget\" data-widget_type=\"image.default\">\n\t\t\t\t<div class=\"elementor-widget-container\">\n\t\t\t\t\t\t\t\t\t\t\t\t\t\t\t<img loading=\"lazy\" decoding=\"async\" width=\"457\" height=\"640\" src=\"https:\/\/villianastalis.gr\/wp-content\/uploads\/2018\/10\/maliaH.jpg\" class=\"attachment-full size-full wp-image-3433\" alt=\"Malia Old Town | Crete, Greece\" srcset=\"https:\/\/villianastalis.gr\/wp-content\/uploads\/2018\/10\/maliaH.jpg 457w, https:\/\/villianastalis.gr\/wp-content\/uploads\/2018\/10\/maliaH-214x300.jpg 214w\" sizes=\"(max-width: 457px) 100vw, 457px\" \/>\t\t\t\t\t\t\t\t\t\t\t\t\t\t\t<\/div>\n\t\t\t\t<\/div>\n\t\t\t\t<div class=\"elementor-element elementor-element-814fbf9 elementor-widget elementor-widget-heading\" data-id=\"814fbf9\" data-element_type=\"widget\" data-widget_type=\"heading.default\">\n\t\t\t\t<div class=\"elementor-widget-container\">\n\t\t\t<h1 class=\"elementor-heading-title elementor-size-default\">Malia Altstadt<\/h1>\t\t<\/div>\n\t\t\t\t<\/div>\n\t\t\t\t<div class=\"elementor-element elementor-element-ea05428 elementor-widget elementor-widget-text-editor\" data-id=\"ea05428\" data-element_type=\"widget\" data-widget_type=\"text-editor.default\">\n\t\t\t\t<div class=\"elementor-widget-container\">\n\t\t\t\t\t\t\t<p>Machen Sie einen Spaziergang in der Altstadt von Malia, um einen Hauch von ihrem traditionellen Charme zu sp\u00fcren. Vor allem am Abend geben die labyrinthartigen Gassen und malerischen, blumengeschm\u00fcckten Innenh\u00f6fe das gewisse Etwas, das sie ansprechend und beliebt macht. Werfen Sie einen Blick in eine der kleinen, wei\u00df get\u00fcnchten byzantinischen Kirchen mit ihren wundersch\u00f6nen Wandgem\u00e4lden und Ikonen. Sie werden staunen, wie fein die Atmosph\u00e4re ist. Erleben Sie zu Ihrem kulinarischen Vergn\u00fcgen kulinarische kretische K\u00f6stlichkeiten oder Aromen aus aller Welt in einer der einladenden Tavernen. Einige von ihnen befinden sich in wundersch\u00f6n restaurierten alten kretischen H\u00e4usern, die ihren urspr\u00fcnglichen Charakter behalten haben.<\/p>\n\t\t\t\t\t\t<\/div>\n\t\t\t\t<\/div>\n\t\t\t\t\t<\/div>\n\t\t<\/div>\n\t\t\t\t<div class=\"elementor-column elementor-col-50 elementor-top-column elementor-element elementor-element-3102a29 elementor-invisible\" data-id=\"3102a29\" data-element_type=\"column\" data-settings=\"{&quot;background_background&quot;:&quot;classic&quot;,&quot;animation&quot;:&quot;fadeIn&quot;}\">\n\t\t\t<div class=\"elementor-widget-wrap elementor-element-populated\">\n\t\t\t\t\t\t\t\t<div class=\"elementor-element elementor-element-5b189fa elementor-widget elementor-widget-image\" data-id=\"5b189fa\" data-element_type=\"widget\" data-widget_type=\"image.default\">\n\t\t\t\t<div class=\"elementor-widget-container\">\n\t\t\t\t\t\t\t\t\t\t\t\t\t\t\t<img loading=\"lazy\" decoding=\"async\" width=\"457\" height=\"640\" src=\"https:\/\/villianastalis.gr\/wp-content\/uploads\/2018\/10\/heraklionH.jpg\" class=\"attachment-full size-full wp-image-3450\" alt=\"Heraklion Port View | Crete, Greece\" srcset=\"https:\/\/villianastalis.gr\/wp-content\/uploads\/2018\/10\/heraklionH.jpg 457w, https:\/\/villianastalis.gr\/wp-content\/uploads\/2018\/10\/heraklionH-214x300.jpg 214w\" sizes=\"(max-width: 457px) 100vw, 457px\" \/>\t\t\t\t\t\t\t\t\t\t\t\t\t\t\t<\/div>\n\t\t\t\t<\/div>\n\t\t\t\t<div class=\"elementor-element elementor-element-63476e7 elementor-widget elementor-widget-heading\" data-id=\"63476e7\" data-element_type=\"widget\" data-widget_type=\"heading.default\">\n\t\t\t\t<div class=\"elementor-widget-container\">\n\t\t\t<h1 class=\"elementor-heading-title elementor-size-default\">Heraklion\u200b City\u200b<\/h1>\t\t<\/div>\n\t\t\t\t<\/div>\n\t\t\t\t<div class=\"elementor-element elementor-element-a115254 elementor-widget elementor-widget-text-editor\" data-id=\"a115254\" data-element_type=\"widget\" data-widget_type=\"text-editor.default\">\n\t\t\t\t<div class=\"elementor-widget-container\">\n\t\t\t\t\t\t\t<p>Die attraktive, lebhafte Hauptstadt Kretas und die minoische St\u00e4tte von Knossos &#8211; angeblich Sitz des legend\u00e4ren K\u00f6nigs Minos &#8211; sind einen Besuch wert. Heraklion ist die gr\u00f6\u00dfte Stadt Kretas und das Haupttor der Insel. Obwohl es nicht leicht von seinem unordentlichen Image abzulenken ist, ist das historische Viertel innerhalb der alten Stadtmauern alles andere als das. Spuren der Vergangenheit gehen hier Hand in Hand mit einer modernen, kosmopolitischen Lebensweise: Moderne Einkaufsstra\u00dfen mit Boutiquen, Mainstream-L\u00e4den, verf\u00fchrerischen Cafeterias und Tavernen wechseln sich mit sch\u00f6nen historischen Geb\u00e4uden, Sehensw\u00fcrdigkeiten und Museen ab. Sie werden Heraklion nur mit den besten Eindr\u00fccken verlassen.<\/p>\n\t\t\t\t\t\t<\/div>\n\t\t\t\t<\/div>\n\t\t\t\t\t<\/div>\n\t\t<\/div>\n\t\t\t\t\t\t\t<\/div>\n\t\t<\/section>\n\t\t\t\t\t\t\t<\/div>\n\t\t","protected":false},"excerpt":{"rendered":"<p>Minoischer Palast Besuchen Sie die \u00dcberreste eines einzigartigen Palastes, die die glorreiche minoische Zivilisation bezeugen, die vor 4000 Jahren hier bl\u00fchte und Malia zu einem wichtigen Handels- und Schifffahrtszentrum mit erheblicher politischer und wirtschaftlicher Macht machte. Krassi\u200b Village\u200b Das idyllische Bergdorf Krassi ist das \u00f6stlichste Dorf der Pr\u00e4fektur Iraklio mit 350 Einwohnern. Es liegt an [&hellip;]<\/p>\n","protected":false},"author":2,"featured_media":0,"parent":0,"menu_order":0,"comment_status":"closed","ping_status":"closed","template":"","meta":{"footnotes":""},"yoast_head":"<!-- This site is optimized with the Yoast SEO plugin v21.3 - https:\/\/yoast.com\/wordpress\/plugins\/seo\/ -->\n<title>Dinge zu tun | In der N\u00e4he | Malia, Krassi, Mohos - Villiana Boutique Apartments<\/title>\n<meta name=\"description\" content=\"Spazieren Sie durch die Altstadt von Malia, besuchen Sie die \u00dcberreste eines einzigartigen minoischen Palastes, genie\u00dfen Sie das Nachtleben von Malia, besuchen Sie die St\u00e4dte Krassi, Mohos, Lassithi und Heraklion.\" \/>\n<meta name=\"robots\" content=\"index, follow, max-snippet:-1, max-image-preview:large, max-video-preview:-1\" \/>\n<link rel=\"canonical\" href=\"https:\/\/villianastalis.gr\/de\/thingstodo-de\/\" \/>\n<meta property=\"og:locale\" content=\"de_DE\" \/>\n<meta property=\"og:type\" content=\"article\" \/>\n<meta property=\"og:title\" content=\"Dinge zu tun | In der N\u00e4he | Malia, Krassi, Mohos - Villiana Boutique Apartments\" \/>\n<meta property=\"og:description\" content=\"Spazieren Sie durch die Altstadt von Malia, besuchen Sie die \u00dcberreste eines einzigartigen minoischen Palastes, genie\u00dfen Sie das Nachtleben von Malia, besuchen Sie die St\u00e4dte Krassi, Mohos, Lassithi und Heraklion.\" \/>\n<meta property=\"og:url\" content=\"https:\/\/villianastalis.gr\/de\/thingstodo-de\/\" \/>\n<meta property=\"og:site_name\" content=\"Villiana Boutique Apartments\" \/>\n<meta property=\"article:publisher\" content=\"https:\/\/www.facebook.com\/villianastalis\" \/>\n<meta property=\"article:modified_time\" content=\"2019-08-29T14:41:08+00:00\" \/>\n<meta property=\"og:image\" content=\"https:\/\/villianastalis.gr\/wp-content\/uploads\/2018\/10\/minoanH.jpg\" \/>\n<meta name=\"twitter:card\" content=\"summary_large_image\" \/>\n<meta name=\"twitter:site\" content=\"@villianamalia\" \/>\n<meta name=\"twitter:label1\" content=\"Gesch\u00e4tzte Lesezeit\" \/>\n\t<meta name=\"twitter:data1\" content=\"3\u00a0Minuten\" \/>\n<script type=\"application\/ld+json\" class=\"yoast-schema-graph\">{\"@context\":\"https:\/\/schema.org\",\"@graph\":[{\"@type\":\"WebPage\",\"@id\":\"https:\/\/villianastalis.gr\/de\/thingstodo-de\/\",\"url\":\"https:\/\/villianastalis.gr\/de\/thingstodo-de\/\",\"name\":\"Dinge zu tun | In der N\u00e4he | Malia, Krassi, Mohos - Villiana Boutique Apartments\",\"isPartOf\":{\"@id\":\"https:\/\/villianastalis.gr\/#website\"},\"datePublished\":\"2018-11-27T14:12:12+00:00\",\"dateModified\":\"2019-08-29T14:41:08+00:00\",\"description\":\"Spazieren Sie durch die Altstadt von Malia, besuchen Sie die \u00dcberreste eines einzigartigen minoischen Palastes, genie\u00dfen Sie das Nachtleben von Malia, besuchen Sie die St\u00e4dte Krassi, Mohos, Lassithi und Heraklion.\",\"breadcrumb\":{\"@id\":\"https:\/\/villianastalis.gr\/de\/thingstodo-de\/#breadcrumb\"},\"inLanguage\":\"de\",\"potentialAction\":[{\"@type\":\"ReadAction\",\"target\":[\"https:\/\/villianastalis.gr\/de\/thingstodo-de\/\"]}]},{\"@type\":\"BreadcrumbList\",\"@id\":\"https:\/\/villianastalis.gr\/de\/thingstodo-de\/#breadcrumb\",\"itemListElement\":[{\"@type\":\"ListItem\",\"position\":1,\"name\":\"Home\",\"item\":\"https:\/\/villianastalis.gr\/de\/hotel-zimmer-apartments-stalis\/\"},{\"@type\":\"ListItem\",\"position\":2,\"name\":\"Dinge zu tun | In der N\u00e4he | Malia, Krassi, Mohos\"}]},{\"@type\":\"WebSite\",\"@id\":\"https:\/\/villianastalis.gr\/#website\",\"url\":\"https:\/\/villianastalis.gr\/\",\"name\":\"Villiana Boutique Apartments\",\"description\":\"Charming family-run apartment complex settled in the seaside of Stalis in Crete, Greece.\",\"potentialAction\":[{\"@type\":\"SearchAction\",\"target\":{\"@type\":\"EntryPoint\",\"urlTemplate\":\"https:\/\/villianastalis.gr\/?s={search_term_string}\"},\"query-input\":\"required name=search_term_string\"}],\"inLanguage\":\"de\"}]}<\/script>\n<!-- \/ Yoast SEO plugin. -->","yoast_head_json":{"title":"Dinge zu tun | In der N\u00e4he | Malia, Krassi, Mohos - Villiana Boutique Apartments","description":"Spazieren Sie durch die Altstadt von Malia, besuchen Sie die \u00dcberreste eines einzigartigen minoischen Palastes, genie\u00dfen Sie das Nachtleben von Malia, besuchen Sie die St\u00e4dte Krassi, Mohos, Lassithi und Heraklion.","robots":{"index":"index","follow":"follow","max-snippet":"max-snippet:-1","max-image-preview":"max-image-preview:large","max-video-preview":"max-video-preview:-1"},"canonical":"https:\/\/villianastalis.gr\/de\/thingstodo-de\/","og_locale":"de_DE","og_type":"article","og_title":"Dinge zu tun | In der N\u00e4he | Malia, Krassi, Mohos - Villiana Boutique Apartments","og_description":"Spazieren Sie durch die Altstadt von Malia, besuchen Sie die \u00dcberreste eines einzigartigen minoischen Palastes, genie\u00dfen Sie das Nachtleben von Malia, besuchen Sie die St\u00e4dte Krassi, Mohos, Lassithi und Heraklion.","og_url":"https:\/\/villianastalis.gr\/de\/thingstodo-de\/","og_site_name":"Villiana Boutique Apartments","article_publisher":"https:\/\/www.facebook.com\/villianastalis","article_modified_time":"2019-08-29T14:41:08+00:00","og_image":[{"url":"https:\/\/villianastalis.gr\/wp-content\/uploads\/2018\/10\/minoanH.jpg"}],"twitter_card":"summary_large_image","twitter_site":"@villianamalia","twitter_misc":{"Gesch\u00e4tzte Lesezeit":"3\u00a0Minuten"},"schema":{"@context":"https:\/\/schema.org","@graph":[{"@type":"WebPage","@id":"https:\/\/villianastalis.gr\/de\/thingstodo-de\/","url":"https:\/\/villianastalis.gr\/de\/thingstodo-de\/","name":"Dinge zu tun | In der N\u00e4he | Malia, Krassi, Mohos - Villiana Boutique Apartments","isPartOf":{"@id":"https:\/\/villianastalis.gr\/#website"},"datePublished":"2018-11-27T14:12:12+00:00","dateModified":"2019-08-29T14:41:08+00:00","description":"Spazieren Sie durch die Altstadt von Malia, besuchen Sie die \u00dcberreste eines einzigartigen minoischen Palastes, genie\u00dfen Sie das Nachtleben von Malia, besuchen Sie die St\u00e4dte Krassi, Mohos, Lassithi und Heraklion.","breadcrumb":{"@id":"https:\/\/villianastalis.gr\/de\/thingstodo-de\/#breadcrumb"},"inLanguage":"de","potentialAction":[{"@type":"ReadAction","target":["https:\/\/villianastalis.gr\/de\/thingstodo-de\/"]}]},{"@type":"BreadcrumbList","@id":"https:\/\/villianastalis.gr\/de\/thingstodo-de\/#breadcrumb","itemListElement":[{"@type":"ListItem","position":1,"name":"Home","item":"https:\/\/villianastalis.gr\/de\/hotel-zimmer-apartments-stalis\/"},{"@type":"ListItem","position":2,"name":"Dinge zu tun | In der N\u00e4he | Malia, Krassi, Mohos"}]},{"@type":"WebSite","@id":"https:\/\/villianastalis.gr\/#website","url":"https:\/\/villianastalis.gr\/","name":"Villiana Boutique Apartments","description":"Charming family-run apartment complex settled in the seaside of Stalis in Crete, Greece.","potentialAction":[{"@type":"SearchAction","target":{"@type":"EntryPoint","urlTemplate":"https:\/\/villianastalis.gr\/?s={search_term_string}"},"query-input":"required name=search_term_string"}],"inLanguage":"de"}]}},"_links":{"self":[{"href":"https:\/\/villianastalis.gr\/de\/wp-json\/wp\/v2\/pages\/3801"}],"collection":[{"href":"https:\/\/villianastalis.gr\/de\/wp-json\/wp\/v2\/pages"}],"about":[{"href":"https:\/\/villianastalis.gr\/de\/wp-json\/wp\/v2\/types\/page"}],"author":[{"embeddable":true,"href":"https:\/\/villianastalis.gr\/de\/wp-json\/wp\/v2\/users\/2"}],"replies":[{"embeddable":true,"href":"https:\/\/villianastalis.gr\/de\/wp-json\/wp\/v2\/comments?post=3801"}],"version-history":[{"count":10,"href":"https:\/\/villianastalis.gr\/de\/wp-json\/wp\/v2\/pages\/3801\/revisions"}],"predecessor-version":[{"id":3945,"href":"https:\/\/villianastalis.gr\/de\/wp-json\/wp\/v2\/pages\/3801\/revisions\/3945"}],"wp:attachment":[{"href":"https:\/\/villianastalis.gr\/de\/wp-json\/wp\/v2\/media?parent=3801"}],"curies":[{"name":"wp","href":"https:\/\/api.w.org\/{rel}","templated":true}]}}